{"id":140,"date":"2023-10-27T13:52:58","date_gmt":"2023-10-27T13:52:58","guid":{"rendered":"https:\/\/transpa.dgoverhuizingen.nl\/?page_id=140"},"modified":"2024-08-01T14:03:18","modified_gmt":"2024-08-01T14:03:18","slug":"vacatures","status":"publish","type":"page","link":"https:\/\/transpa.dgoverhuizingen.nl\/de\/vacatures\/","title":{"rendered":"Stellenangebote"},"content":{"rendered":"<div data-elementor-type=\"wp-page\" data-elementor-id=\"140\" class=\"elementor elementor-140\" data-elementor-post-type=\"page\">\n\t\t\t\t\t\t<section class=\"elementor-section elementor-top-section elementor-element elementor-element-ddd1a40 elementor-section-boxed elementor-section-height-default elementor-section-height-default\" data-id=\"ddd1a40\" data-element_type=\"section\" data-e-type=\"section\" data-settings=\"{&quot;background_background&quot;:&quot;classic&quot;}\">\n\t\t\t\t\t\t<div class=\"elementor-container elementor-column-gap-default\">\n\t\t\t\t\t<div class=\"elementor-column elementor-col-100 elementor-top-column elementor-element elementor-element-c8255e1\" data-id=\"c8255e1\" data-element_type=\"column\" data-e-type=\"column\" data-settings=\"{&quot;background_background&quot;:&quot;classic&quot;}\">\n\t\t\t<div class=\"elementor-widget-wrap elementor-element-populated\">\n\t\t\t\t\t\t<div class=\"elementor-element elementor-element-051f022 elementor-widget elementor-widget-heading\" data-id=\"051f022\" data-element_type=\"widget\" data-e-type=\"widget\" data-widget_type=\"heading.default\">\n\t\t\t\t<div class=\"elementor-widget-container\">\n\t\t\t\t\t<h1 class=\"elementor-heading-title elementor-size-large\"><br>Stellenangebote<br><br><\/h1>\t\t\t\t<\/div>\n\t\t\t\t<\/div>\n\t\t\t\t\t<\/div>\n\t\t<\/div>\n\t\t\t\t\t<\/div>\n\t\t<\/section>\n\t\t\t\t<section class=\"elementor-section elementor-top-section elementor-element elementor-element-ce022c2 elementor-section-boxed elementor-section-height-default elementor-section-height-default\" data-id=\"ce022c2\" data-element_type=\"section\" data-e-type=\"section\">\n\t\t\t\t\t\t<div class=\"elementor-container elementor-column-gap-default\">\n\t\t\t\t\t<div class=\"elementor-column elementor-col-100 elementor-top-column elementor-element elementor-element-621d9c2\" data-id=\"621d9c2\" data-element_type=\"column\" data-e-type=\"column\">\n\t\t\t<div class=\"elementor-widget-wrap elementor-element-populated\">\n\t\t\t\t\t\t<div class=\"elementor-element elementor-element-3aab2f2 elementor-icon-list--layout-inline elementor-list-item-link-full_width elementor-widget elementor-widget-icon-list\" data-id=\"3aab2f2\" data-element_type=\"widget\" data-e-type=\"widget\" data-widget_type=\"icon-list.default\">\n\t\t\t\t<div class=\"elementor-widget-container\">\n\t\t\t\t\t\t\t<ul class=\"elementor-icon-list-items elementor-inline-items\">\n\t\t\t\t\t\t\t<li class=\"elementor-icon-list-item elementor-inline-item\">\n\t\t\t\t\t\t\t\t\t\t\t<a href=\"https:\/\/transpa.dgoverhuizingen.nl\/de\">\n\n\t\t\t\t\t\t\t\t\t\t\t\t<span class=\"elementor-icon-list-icon\">\n\t\t\t\t\t\t\t<svg aria-hidden=\"true\" class=\"e-font-icon-svg e-fas-home\" viewbox=\"0 0 576 512\" xmlns=\"http:\/\/www.w3.org\/2000\/svg\"><path d=\"M280.37 148.26L96 300.11V464a16 16 0 0 0 16 16l112.06-.29a16 16 0 0 0 15.92-16V368a16 16 0 0 1 16-16h64a16 16 0 0 1 16 16v95.64a16 16 0 0 0 16 16.05L464 480a16 16 0 0 0 16-16V300L295.67 148.26a12.19 12.19 0 0 0-15.3 0zM571.6 251.47L488 182.56V44.05a12 12 0 0 0-12-12h-56a12 12 0 0 0-12 12v72.61L318.47 43a48 48 0 0 0-61 0L4.34 251.47a12 12 0 0 0-1.6 16.9l25.5 31A12 12 0 0 0 45.15 301l235.22-193.74a12.19 12.19 0 0 1 15.3 0L530.9 301a12 12 0 0 0 16.9-1.6l25.5-31a12 12 0 0 0-1.7-16.93z\"><\/path><\/svg>\t\t\t\t\t\t<\/span>\n\t\t\t\t\t\t\t\t\t\t<span class=\"elementor-icon-list-text\"><\/span>\n\t\t\t\t\t\t\t\t\t\t\t<\/a>\n\t\t\t\t\t\t\t\t\t<\/li>\n\t\t\t\t\t\t\t\t<li class=\"elementor-icon-list-item elementor-inline-item\">\n\t\t\t\t\t\t\t\t\t\t<span class=\"elementor-icon-list-text\">&gt;  Stellenangebote<\/span>\n\t\t\t\t\t\t\t\t\t<\/li>\n\t\t\t\t\t\t<\/ul>\n\t\t\t\t\t\t<\/div>\n\t\t\t\t<\/div>\n\t\t\t\t\t<\/div>\n\t\t<\/div>\n\t\t\t\t\t<\/div>\n\t\t<\/section>\n\t\t\t\t<section class=\"elementor-section elementor-top-section elementor-element elementor-element-1ad932f elementor-section-boxed elementor-section-height-default elementor-section-height-default\" data-id=\"1ad932f\" data-element_type=\"section\" data-e-type=\"section\">\n\t\t\t\t\t\t<div class=\"elementor-container elementor-column-gap-default\">\n\t\t\t\t\t<div class=\"elementor-column elementor-col-100 elementor-top-column elementor-element elementor-element-131236c6\" data-id=\"131236c6\" data-element_type=\"column\" data-e-type=\"column\">\n\t\t\t<div class=\"elementor-widget-wrap elementor-element-populated\">\n\t\t\t\t\t\t<div class=\"elementor-element elementor-element-34856fbe elementor-widget elementor-widget-heading\" data-id=\"34856fbe\" data-element_type=\"widget\" data-e-type=\"widget\" data-widget_type=\"heading.default\">\n\t\t\t\t<div class=\"elementor-widget-container\">\n\t\t\t\t\t<h2 class=\"elementor-heading-title elementor-size-default\">Stellenangebote<\/h2>\t\t\t\t<\/div>\n\t\t\t\t<\/div>\n\t\t\t\t<div class=\"elementor-element elementor-element-2d3dab7 elementor-widget elementor-widget-text-editor\" data-id=\"2d3dab7\" data-element_type=\"widget\" data-e-type=\"widget\" data-widget_type=\"text-editor.default\">\n\t\t\t\t<div class=\"elementor-widget-container\">\n\t\t\t\t\t\t\t\t\t<p>Sind Sie auf der Suche nach einem guten Job bei einem zuverl\u00e4ssigen Arbeitgeber? Dann kommen Sie zu Transpa Emmen. Wir sind ein Transportunternehmen mit vielf\u00e4ltigen Aktivit\u00e4ten, darunter der Transport von Blumen und M\u00f6beln. Unser engagiertes Team ist jederzeit f\u00fcr unsere Kunden da. Zusammen mit zwei weiteren Transportunternehmen bilden wir die Sent Waninge-Gruppe. Als Familienunternehmen pflegen wir eine freundliche und kollegiale Atmosph\u00e4re.<\/p>\n<p>Werfen Sie einen Blick auf die offenen Stellen unten \u2013 vielleicht sind wir auf der Suche nach genau Ihnen.<\/p>\t\t\t\t\t\t\t\t<\/div>\n\t\t\t\t<\/div>\n\t\t\t\t\t<\/div>\n\t\t<\/div>\n\t\t\t\t\t<\/div>\n\t\t<\/section>\n\t\t\t\t<section class=\"elementor-section elementor-top-section elementor-element elementor-element-2f5b34c3 elementor-section-boxed elementor-section-height-default elementor-section-height-default\" data-id=\"2f5b34c3\" data-element_type=\"section\" data-e-type=\"section\">\n\t\t\t\t\t\t<div class=\"elementor-container elementor-column-gap-default\">\n\t\t\t\t\t<div class=\"elementor-column elementor-col-100 elementor-top-column elementor-element elementor-element-6fa27262\" data-id=\"6fa27262\" data-element_type=\"column\" data-e-type=\"column\">\n\t\t\t<div class=\"elementor-widget-wrap elementor-element-populated\">\n\t\t\t\t\t\t<div class=\"elementor-element elementor-element-5abfed14 elementor-widget elementor-widget-shortcode\" data-id=\"5abfed14\" data-element_type=\"widget\" data-e-type=\"widget\" data-widget_type=\"shortcode.default\">\n\t\t\t\t<div class=\"elementor-widget-container\">\n\t\t\t\t\t\t\t<div class=\"elementor-shortcode\"><section class=\"job-listing row clearfix\" aria-label=\"Job listings\"><div class=\"column medium-12 col-md-12\" role=\"list\"><div class=\"no-jobs-available\" role=\"status\" aria-live=\"polite\"><p>Aktuell haben wir keine offenen Stellen.<\/p><\/div><\/div><\/section><\/div>\n\t\t\t\t\t\t<\/div>\n\t\t\t\t<\/div>\n\t\t\t\t<div class=\"elementor-element elementor-element-325cc23d elementor-widget elementor-widget-image\" data-id=\"325cc23d\" data-element_type=\"widget\" data-e-type=\"widget\" data-widget_type=\"image.default\">\n\t\t\t\t<div class=\"elementor-widget-container\">\n\t\t\t\t\t\t\t\t\t\t\t\t\t\t\t<img fetchpriority=\"high\" decoding=\"async\" width=\"1024\" height=\"282\" src=\"https:\/\/transpa.dgoverhuizingen.nl\/wp-content\/uploads\/2023\/10\/transpa-4-1024x282.jpg\" class=\"attachment-large size-large wp-image-167\" alt=\"\" srcset=\"https:\/\/transpa.dgoverhuizingen.nl\/wp-content\/uploads\/2023\/10\/transpa-4-1024x282.jpg 1024w, https:\/\/transpa.dgoverhuizingen.nl\/wp-content\/uploads\/2023\/10\/transpa-4-300x83.jpg 300w, https:\/\/transpa.dgoverhuizingen.nl\/wp-content\/uploads\/2023\/10\/transpa-4-768x212.jpg 768w, https:\/\/transpa.dgoverhuizingen.nl\/wp-content\/uploads\/2023\/10\/transpa-4-1536x423.jpg 1536w, https:\/\/transpa.dgoverhuizingen.nl\/wp-content\/uploads\/2023\/10\/transpa-4.jpg 2048w\" sizes=\"(max-width: 1024px) 100vw, 1024px\" \/>\t\t\t\t\t\t\t\t\t\t\t\t\t\t\t<\/div>\n\t\t\t\t<\/div>\n\t\t\t\t\t<\/div>\n\t\t<\/div>\n\t\t\t\t\t<\/div>\n\t\t<\/section>\n\t\t\t\t<section class=\"elementor-section elementor-top-section elementor-element elementor-element-5b2c89e elementor-section-height-min-height elementor-section-boxed elementor-section-height-default elementor-section-items-middle\" data-id=\"5b2c89e\" data-element_type=\"section\" data-e-type=\"section\" data-settings=\"{&quot;background_background&quot;:&quot;classic&quot;,&quot;shape_divider_top&quot;:&quot;tilt&quot;}\">\n\t\t\t\t\t\t\t<div class=\"elementor-background-overlay\"><\/div>\n\t\t\t\t\t\t<div class=\"elementor-shape elementor-shape-top\" aria-hidden=\"true\" data-negative=\"false\">\n\t\t\t<svg xmlns=\"http:\/\/www.w3.org\/2000\/svg\" viewbox=\"0 0 1000 100\" preserveaspectratio=\"none\">\n\t<path class=\"elementor-shape-fill\" d=\"M0,6V0h1000v100L0,6z\"\/>\n<\/svg>\t\t<\/div>\n\t\t\t\t\t<div class=\"elementor-container elementor-column-gap-default\">\n\t\t\t\t\t<div class=\"elementor-column elementor-col-100 elementor-top-column elementor-element elementor-element-c2e01c0\" data-id=\"c2e01c0\" data-element_type=\"column\" data-e-type=\"column\">\n\t\t\t<div class=\"elementor-widget-wrap elementor-element-populated\">\n\t\t\t\t\t\t<div class=\"elementor-element elementor-element-d450c09 elementor-widget elementor-widget-heading\" data-id=\"d450c09\" data-element_type=\"widget\" data-e-type=\"widget\" data-widget_type=\"heading.default\">\n\t\t\t\t<div class=\"elementor-widget-container\">\n\t\t\t\t\t<h2 class=\"elementor-heading-title elementor-size-default\">Interessiert an unseren Dienstleistungen?<\/h2>\t\t\t\t<\/div>\n\t\t\t\t<\/div>\n\t\t\t\t<div class=\"elementor-element elementor-element-0ca54e3 elementor-tablet-align-justify elementor-align-center elementor-mobile-align-center elementor-widget elementor-widget-button\" data-id=\"0ca54e3\" data-element_type=\"widget\" data-e-type=\"widget\" data-widget_type=\"button.default\">\n\t\t\t\t<div class=\"elementor-widget-container\">\n\t\t\t\t\t\t\t\t\t<div class=\"elementor-button-wrapper\">\n\t\t\t\t\t<a class=\"elementor-button elementor-button-link elementor-size-md elementor-animation-float\" href=\"https:\/\/transpa.dgoverhuizingen.nl\/de\/contact\/\">\n\t\t\t\t\t\t<span class=\"elementor-button-content-wrapper\">\n\t\t\t\t\t\t\t\t\t<span class=\"elementor-button-text\">Neem contact op &gt;<\/span>\n\t\t\t\t\t<\/span>\n\t\t\t\t\t<\/a>\n\t\t\t\t<\/div>\n\t\t\t\t\t\t\t\t<\/div>\n\t\t\t\t<\/div>\n\t\t\t\t\t<\/div>\n\t\t<\/div>\n\t\t\t\t\t<\/div>\n\t\t<\/section>\n\t\t\t\t<\/div>","protected":false},"excerpt":{"rendered":"<p>Vacatures &gt; &nbsp; Vacatures Vacatures Ben jij op zoek naar een leuke baan bij een betrouwbare werkgever? Kom dan werken bij Transpa Emmen. We zijn een transportbedrijf met verschillende activiteiten. Wij doen aan sierteelt transport en vervoer van meubelen.&nbsp; Met ons team van medewerkers staan wij altijd voor onze opdrachtgevers klaar. Samen met twee andere [&hellip;]<\/p>\n","protected":false},"author":1,"featured_media":0,"parent":0,"menu_order":0,"comment_status":"closed","ping_status":"closed","template":"","meta":{"site-sidebar-layout":"no-sidebar","site-content-layout":"","ast-site-content-layout":"full-width-container","site-content-style":"default","site-sidebar-style":"default","ast-global-header-display":"","ast-banner-title-visibility":"","ast-main-header-display":"","ast-hfb-above-header-display":"","ast-hfb-below-header-display":"","ast-hfb-mobile-header-display":"","site-post-title":"disabled","ast-breadcrumbs-content":"","ast-featured-img":"disabled","footer-sml-layout":"","ast-disable-related-posts":"","theme-transparent-header-meta":"","adv-header-id-meta":"","stick-header-meta":"","header-above-stick-meta":"","header-main-stick-meta":"","header-below-stick-meta":"","astra-migrate-meta-layouts":"default","ast-page-background-enabled":"default","ast-page-background-meta":{"desktop":{"background-color":"var(--ast-global-color-4)","background-image":"","background-repeat":"repeat","background-position":"center center","background-size":"auto","background-attachment":"scroll","background-type":"","background-media":"","overlay-type":"","overlay-color":"","overlay-opacity":"","overlay-gradient":""},"tablet":{"background-color":"","background-image":"","background-repeat":"repeat","background-position":"center center","background-size":"auto","background-attachment":"scroll","background-type":"","background-media":"","overlay-type":"","overlay-color":"","overlay-opacity":"","overlay-gradient":""},"mobile":{"background-color":"","background-image":"","background-repeat":"repeat","background-position":"center center","background-size":"auto","background-attachment":"scroll","background-type":"","background-media":"","overlay-type":"","overlay-color":"","overlay-opacity":"","overlay-gradient":""}},"ast-content-background-meta":{"desktop":{"background-color":"var(--ast-global-color-5)","background-image":"","background-repeat":"repeat","background-position":"center center","background-size":"auto","background-attachment":"scroll","background-type":"","background-media":"","overlay-type":"","overlay-color":"","overlay-opacity":"","overlay-gradient":""},"tablet":{"background-color":"var(--ast-global-color-5)","background-image":"","background-repeat":"repeat","background-position":"center center","background-size":"auto","background-attachment":"scroll","background-type":"","background-media":"","overlay-type":"","overlay-color":"","overlay-opacity":"","overlay-gradient":""},"mobile":{"background-color":"var(--ast-global-color-5)","background-image":"","background-repeat":"repeat","background-position":"center center","background-size":"auto","background-attachment":"scroll","background-type":"","background-media":"","overlay-type":"","overlay-color":"","overlay-opacity":"","overlay-gradient":""}},"footnotes":""},"class_list":["post-140","page","type-page","status-publish","hentry"],"yoast_head":"<!-- This site is optimized with the Yoast SEO plugin v27.4 - https:\/\/yoast.com\/product\/yoast-seo-wordpress\/ -->\n<title>Kom jij bij ons werken? - Transpa Emmen<\/title>\n<meta name=\"description\" content=\"Ben jij op zoek naar een leuke baan bij een betrouwbare werkgever? Kom dan werken bij Transpa Emmen. Bekijk nu onze openstaande vacatures.\" \/>\n<meta name=\"robots\" content=\"index, follow, max-snippet:-1, max-image-preview:large, max-video-preview:-1\" \/>\n<link rel=\"canonical\" href=\"https:\/\/transpa.dgoverhuizingen.nl\/de\/vacatures\/\" \/>\n<meta property=\"og:locale\" content=\"de_DE\" \/>\n<meta property=\"og:type\" content=\"article\" \/>\n<meta property=\"og:title\" content=\"Kom jij bij ons werken? - Transpa Emmen\" \/>\n<meta property=\"og:description\" content=\"Ben jij op zoek naar een leuke baan bij een betrouwbare werkgever? Kom dan werken bij Transpa Emmen. Bekijk nu onze openstaande vacatures.\" \/>\n<meta property=\"og:url\" content=\"https:\/\/transpa.dgoverhuizingen.nl\/de\/vacatures\/\" \/>\n<meta property=\"og:site_name\" content=\"Transpa Emmen\" \/>\n<meta property=\"article:modified_time\" content=\"2024-08-01T14:03:18+00:00\" \/>\n<meta property=\"og:image\" content=\"https:\/\/transpa.dgoverhuizingen.nl\/wp-content\/uploads\/2023\/10\/transpa-4-1024x282.jpg\" \/>\n<meta name=\"twitter:card\" content=\"summary_large_image\" \/>\n<meta name=\"twitter:label1\" content=\"Gesch\u00e4tzte Lesezeit\" \/>\n\t<meta name=\"twitter:data1\" content=\"1\u00a0Minute\" \/>\n<!-- \/ Yoast SEO plugin. -->","yoast_head_json":{"title":"Kom jij bij ons werken? - Transpa Emmen","description":"Ben jij op zoek naar een leuke baan bij een betrouwbare werkgever? Kom dan werken bij Transpa Emmen. Bekijk nu onze openstaande vacatures.","robots":{"index":"index","follow":"follow","max-snippet":"max-snippet:-1","max-image-preview":"max-image-preview:large","max-video-preview":"max-video-preview:-1"},"canonical":"https:\/\/transpa.dgoverhuizingen.nl\/de\/vacatures\/","og_locale":"de_DE","og_type":"article","og_title":"Kom jij bij ons werken? - Transpa Emmen","og_description":"Ben jij op zoek naar een leuke baan bij een betrouwbare werkgever? Kom dan werken bij Transpa Emmen. Bekijk nu onze openstaande vacatures.","og_url":"https:\/\/transpa.dgoverhuizingen.nl\/de\/vacatures\/","og_site_name":"Transpa Emmen","article_modified_time":"2024-08-01T14:03:18+00:00","og_image":[{"url":"https:\/\/transpa.dgoverhuizingen.nl\/wp-content\/uploads\/2023\/10\/transpa-4-1024x282.jpg","type":"","width":"","height":""}],"twitter_card":"summary_large_image","twitter_misc":{"Gesch\u00e4tzte Lesezeit":"1\u00a0Minute"},"schema":{"@context":"https:\/\/schema.org","@graph":[{"@type":"WebPage","@id":"https:\/\/transpa.dgoverhuizingen.nl\/vacatures\/","url":"https:\/\/transpa.dgoverhuizingen.nl\/vacatures\/","name":"Kom jij bij ons werken? - Transpa Emmen","isPartOf":{"@id":"https:\/\/transpa.dgoverhuizingen.nl\/#website"},"primaryImageOfPage":{"@id":"https:\/\/transpa.dgoverhuizingen.nl\/vacatures\/#primaryimage"},"image":{"@id":"https:\/\/transpa.dgoverhuizingen.nl\/vacatures\/#primaryimage"},"thumbnailUrl":"https:\/\/transpa.dgoverhuizingen.nl\/wp-content\/uploads\/2023\/10\/transpa-4-1024x282.jpg","datePublished":"2023-10-27T13:52:58+00:00","dateModified":"2024-08-01T14:03:18+00:00","description":"Ben jij op zoek naar een leuke baan bij een betrouwbare werkgever? Kom dan werken bij Transpa Emmen. Bekijk nu onze openstaande vacatures.","breadcrumb":{"@id":"https:\/\/transpa.dgoverhuizingen.nl\/vacatures\/#breadcrumb"},"inLanguage":"de","potentialAction":[{"@type":"ReadAction","target":["https:\/\/transpa.dgoverhuizingen.nl\/vacatures\/"]}]},{"@type":"ImageObject","inLanguage":"de","@id":"https:\/\/transpa.dgoverhuizingen.nl\/vacatures\/#primaryimage","url":"https:\/\/transpa.dgoverhuizingen.nl\/wp-content\/uploads\/2023\/10\/transpa-4-1024x282.jpg","contentUrl":"https:\/\/transpa.dgoverhuizingen.nl\/wp-content\/uploads\/2023\/10\/transpa-4-1024x282.jpg"},{"@type":"BreadcrumbList","@id":"https:\/\/transpa.dgoverhuizingen.nl\/vacatures\/#breadcrumb","itemListElement":[{"@type":"ListItem","position":1,"name":"Home","item":"https:\/\/transpa.dgoverhuizingen.nl\/"},{"@type":"ListItem","position":2,"name":"Vacatures"}]},{"@type":"WebSite","@id":"https:\/\/transpa.dgoverhuizingen.nl\/#website","url":"https:\/\/transpa.dgoverhuizingen.nl\/","name":"Transpa Emmen","description":"Transpa Emmen","potentialAction":[{"@type":"SearchAction","target":{"@type":"EntryPoint","urlTemplate":"https:\/\/transpa.dgoverhuizingen.nl\/?s={search_term_string}"},"query-input":{"@type":"PropertyValueSpecification","valueRequired":true,"valueName":"search_term_string"}}],"inLanguage":"de"}]}},"_links":{"self":[{"href":"https:\/\/transpa.dgoverhuizingen.nl\/de\/wp-json\/wp\/v2\/pages\/140","targetHints":{"allow":["GET"]}}],"collection":[{"href":"https:\/\/transpa.dgoverhuizingen.nl\/de\/wp-json\/wp\/v2\/pages"}],"about":[{"href":"https:\/\/transpa.dgoverhuizingen.nl\/de\/wp-json\/wp\/v2\/types\/page"}],"author":[{"embeddable":true,"href":"https:\/\/transpa.dgoverhuizingen.nl\/de\/wp-json\/wp\/v2\/users\/1"}],"replies":[{"embeddable":true,"href":"https:\/\/transpa.dgoverhuizingen.nl\/de\/wp-json\/wp\/v2\/comments?post=140"}],"version-history":[{"count":61,"href":"https:\/\/transpa.dgoverhuizingen.nl\/de\/wp-json\/wp\/v2\/pages\/140\/revisions"}],"predecessor-version":[{"id":1436,"href":"https:\/\/transpa.dgoverhuizingen.nl\/de\/wp-json\/wp\/v2\/pages\/140\/revisions\/1436"}],"wp:attachment":[{"href":"https:\/\/transpa.dgoverhuizingen.nl\/de\/wp-json\/wp\/v2\/media?parent=140"}],"curies":[{"name":"wp","href":"https:\/\/api.w.org\/{rel}","templated":true}]}}